{"id":28491,"date":"2025-04-17T17:47:13","date_gmt":"2025-04-17T15:47:13","guid":{"rendered":"https:\/\/professorx.nl\/product\/critical-role-vox-machina-origins-ii-duitse-editie\/"},"modified":"2026-02-08T13:14:47","modified_gmt":"2026-02-08T12:14:47","slug":"critical-role-vox-machina-origins-ii-duitse-editie","status":"publish","type":"product","link":"https:\/\/professorx.nl\/en\/product\/critical-role-vox-machina-origins-ii-duitse-editie\/","title":{"rendered":"Critical Role: Vox Machina Origins II [DUITSE EDITIE!]"},"content":{"rendered":"<p>Begleitet eure alten Bekannten aus dem Riesenerfolg der ersten Kampagne CRITICAL ROLE in ein neues Abenteuer. Die aufregenden Eskapaden in Stilben stellen unsere VOX MACHINA-Helden vor ganz neue Herausforderungen. Eine d\u00fcstere Bedrohung sorgt f\u00fcr Grogs n\u00e4chtliches Verschwinden. So muss die ungleiche Truppe sich auf die Suche begeben \u2013 w\u00e4hrend ein Mitglied verloren scheint, st\u00f6\u00dft ein neues dazu \u2026 und es offenbaren sich Bruchst\u00fccke der geheimen Vergangenheit Grogs. Es wird Zeit, ihn schnellstens zu finden. Von der erstklassigen Autorin Jody Houser (ORPHAN BLACK, STRANGER THINGS) und der altbekannten Olivia Samson, in Zusammenarbeit mit der unsagbar talentierten Koloristin Michele Assarasakorn (ISOLA, GOTHAM ACADEMY) und abgerundet durch das Lettering Ariana Mahlers (JAMES BOND, XENA): Band 2 der Comicserie zu dem internationalen Ph\u00e4nomen CRITICAL ROLE.<\/p>\n<p>Uitgeverij: Cross Cult Entertainment<br \/>Schrijver: Jody Houser<br \/>Tekenaar: Olivia Samson<\/p>\n<p>ISBN: 9783966582179<\/p>","protected":false},"excerpt":{"rendered":"<p>Condition: New<\/p>","protected":false},"featured_media":28490,"template":"","meta":[],"product_brand":[],"product_cat":[5935],"product_tag":[7303],"class_list":{"0":"post-28491","1":"product","2":"type-product","3":"status-publish","4":"has-post-thumbnail","6":"product_cat-critical-role","7":"product_tag-dungeons-dragons","8":"pa_bindwijze-tpb","9":"pa_conditie-nieuw","10":"pa_doelgroep-jongvolwassenen","11":"pa_genre-fantasy","12":"pa_jaar-van-uitgave-2636","13":"pa_schrijver-jody-houser","14":"pa_soort-comic","15":"pa_taal-duits","16":"pa_tekenaar-olivia-samson","17":"pa_tweedehands-nee","18":"pa_uitgeverij-cross-cult-entertainment","20":"first","21":"instock","22":"sale","23":"taxable","24":"shipping-taxable","25":"purchasable","26":"product-type-simple"},"_links":{"self":[{"href":"https:\/\/professorx.nl\/en\/wp-json\/wp\/v2\/product\/28491","targetHints":{"allow":["GET"]}}],"collection":[{"href":"https:\/\/professorx.nl\/en\/wp-json\/wp\/v2\/product"}],"about":[{"href":"https:\/\/professorx.nl\/en\/wp-json\/wp\/v2\/types\/product"}],"wp:featuredmedia":[{"embeddable":true,"href":"https:\/\/professorx.nl\/en\/wp-json\/wp\/v2\/media\/28490"}],"wp:attachment":[{"href":"https:\/\/professorx.nl\/en\/wp-json\/wp\/v2\/media?parent=28491"}],"wp:term":[{"taxonomy":"product_brand","embeddable":true,"href":"https:\/\/professorx.nl\/en\/wp-json\/wp\/v2\/product_brand?post=28491"},{"taxonomy":"product_cat","embeddable":true,"href":"https:\/\/professorx.nl\/en\/wp-json\/wp\/v2\/product_cat?post=28491"},{"taxonomy":"product_tag","embeddable":true,"href":"https:\/\/professorx.nl\/en\/wp-json\/wp\/v2\/product_tag?post=28491"}],"curies":[{"name":"wp","href":"https:\/\/api.w.org\/{rel}","templated":true}]}}